{"id":90,"date":"2025-04-10T14:27:57","date_gmt":"2025-04-10T12:27:57","guid":{"rendered":"https:\/\/pierrefittepeinture.fr\/?page_id=90"},"modified":"2025-04-15T15:44:57","modified_gmt":"2025-04-15T13:44:57","slug":"isolation","status":"publish","type":"page","link":"https:\/\/pierrefittepeinture.fr\/index.php\/isolation\/","title":{"rendered":"Isolation"},"content":{"rendered":"\n<h3 class=\"wp-block-heading has-text-align-center\"><strong><mark style=\"background-color:rgba(0, 0, 0, 0)\" class=\"has-inline-color has-kubio-color-2-color\">Pourquoi faire isoler son logement?<\/mark><\/strong><\/h3>\n\n\n\n<h3 class=\"wp-block-heading has-text-align-center\"><strong><mark style=\"background-color:rgba(0, 0, 0, 0)\" class=\"has-inline-color has-kubio-color-2-color\">ECOLOGIE, ECONOMIE et CONFORT<\/mark><\/strong><\/h3>\n\n\n\n<p><\/p>\n\n\n\n<p><\/p>\n\n\n\n<figure class=\"wp-block-image size-full\"><img decoding=\"async\" src=\"https:\/\/pierrefittepeinture.fr\/wp-content\/uploads\/2025\/04\/Iso-1.avif\" alt=\"\" class=\"wp-image-110\"\/><\/figure>\n\n\n<p style=\"text-align: center;\">Lorsque le logement est peu ou mal isol\u00e9, les murs s\u2019impr\u00e8gnent de la temp\u00e9rature ext\u00e9rieure et le ressenti se refroidi ou se r\u00e9chauffe. L\u2019isolation des parois anciennes est une des premi\u00e8res mesures \u00e0 mettre en \u0153uvre pour l\u2019am\u00e9lioration thermique des b\u00e2timents.<strong> Vous vivrez ainsi dans un logement plus confortable et r\u00e9aliserez des ECONOMIES sur vos factures d&rsquo;\u00e9nergie.<\/strong><\/p>\n<p style=\"text-align: center;\"><strong>Les travaux d&rsquo;isolation remettent en valeur le patrimoine.<\/strong><\/p>\n<p style=\"text-align: center;\">Pour exemple, la mise en place de 12 cm d&rsquo;isolant sur paroi verticale peut faire \u00e9conomiser jusqu&rsquo;\u00e0 25% de la consommation annuelle.<\/p>\n<p style=\"text-align: center;\"><strong>La dur\u00e9e de vie des travaux d&rsquo;isolation est importante.<\/strong><\/p>\n<p style=\"text-align: center;\">Lorsqu&rsquo;ils offrent une hauteur sous plafond suffisante, les combles am\u00e9nag\u00e9s constituent un espace \u00e0 exploiter pour gagner des m\u00b2 suppl\u00e9mentaires.<\/p>\n<p style=\"text-align: center;\">Et bien s\u00fbr, en r\u00e9duisant vos consommations d&rsquo;\u00e9nergie,<strong>\u00a0vous limitez aussi les \u00e9mission de gaz \u00e0 effet de serre qui sont responsables du changement climatique.<\/strong><\/p>\n\n\n<p class=\"has-text-align-center\"><\/p>\n\n\n\n<h4 class=\"wp-block-heading has-text-align-center\"><mark style=\"background-color:rgba(0, 0, 0, 0)\" class=\"has-inline-color has-kubio-color-2-color\"><strong>Vivre dans un logement plus confortable<\/strong><\/mark> <\/h4>\n\n\n\n<h4 class=\"wp-block-heading has-text-align-center\"><mark style=\"background-color:rgba(0, 0, 0, 0)\" class=\"has-inline-color has-kubio-color-2-color\"><strong>R\u00e9aliser des \u00e9conomies sur vos factures d\u2019\u00e9nergie.<\/strong><\/mark><\/h4>\n\n\n\n<h4 class=\"wp-block-heading has-text-align-center\"><mark style=\"background-color:rgba(0, 0, 0, 0)\" class=\"has-inline-color has-kubio-color-2-color\"><strong>Augmenter la valeur patrimoniale de votre bien.<\/strong><\/mark><\/h4>\n\n\n\n<div style=\"height:114px\" aria-hidden=\"true\" class=\"wp-block-spacer\"><\/div>\n\n\n\n<h3 class=\"wp-block-heading has-text-align-center\"><strong><mark style=\"background-color:rgba(0, 0, 0, 0)\" class=\"has-inline-color has-kubio-color-2-color\">LES TECHNIQUES QUE NOUS UTILISONS<\/mark><\/strong><\/h3>\n\n\n\n<div style=\"height:47px\" aria-hidden=\"true\" class=\"wp-block-spacer\"><\/div>\n\n\n\n<div class=\"wp-block-media-text is-stacked-on-mobile\"><figure class=\"wp-block-media-text__media\"><img decoding=\"async\" src=\"http:\/\/pierrefittepeinture.fr\/wp-content\/uploads\/2025\/04\/Iso-2.avif\" alt=\"\" class=\"wp-image-112 size-full\"\/><\/figure><div class=\"wp-block-media-text__content\">\n<p class=\"has-text-align-center\"><strong><mark style=\"background-color:rgba(0, 0, 0, 0)\" class=\"has-inline-color has-kubio-color-2-color\">Pour l&rsquo;isolation thermique des murs deux techniques sont possibles :<\/mark><\/strong><\/p>\n\n\n\n<ul class=\"wp-block-list\">\n<li>La contre-cloison est en plaque de pl\u00e2tre avec ossature m\u00e9tallique. Cette technique est parfaitement adapt\u00e9e pour tous type de murs (m\u00eame tr\u00e8s irr\u00e9guliers).<\/li>\n<\/ul>\n\n\n\n<ul class=\"wp-block-list\">\n<li>Doublage Still : L&rsquo;isolant est le plus souvent coll\u00e9 ou fix\u00e9 m\u00e9caniquement au support.<\/li>\n<\/ul>\n<\/div><\/div>\n\n\n\n<div style=\"height:89px\" aria-hidden=\"true\" class=\"wp-block-spacer\"><\/div>\n\n\n\n<div class=\"wp-block-media-text has-media-on-the-right is-stacked-on-mobile\"><div class=\"wp-block-media-text__content\">\n<h4 class=\"wp-block-heading has-text-align-center\"><strong><mark style=\"background-color:rgba(0, 0, 0, 0)\" class=\"has-inline-color has-kubio-color-2-color\">Pour l&rsquo;isolation thermique des combles am\u00e9nag\u00e9s ou am\u00e9nageables<\/mark><\/strong><\/h4>\n\n\n\n<p>L&rsquo;isolation des combles am\u00e9nageables consiste \u00e0 fixer des panneaux d&rsquo;isolant directement sur la charpente. Cela permet de limiter les \u00e9changes thermiques, ainsi que les nuisances sonores. Il existe pour cela diff\u00e9rentes techniques dont :<\/p>\n<ul>\n<li>L&rsquo;isolation par contre chevronnage ou ossature m\u00e9tallique\u00a0<\/li>\n<li>L&rsquo;isolation en monocouche alv\u00e9olaire\u00a0<\/li>\n<li>L&rsquo;isolation monocouche en laine min\u00e9rale\u00a0<\/li>\n<li>L&rsquo;isolation double couche en laine min\u00e9rale\u00a0<\/li>\n<\/ul>\n<\/div><figure class=\"wp-block-media-text__media\"><img decoding=\"async\" src=\"http:\/\/pierrefittepeinture.fr\/wp-content\/uploads\/2025\/04\/Iso-3.avif\" alt=\"\" class=\"wp-image-113 size-full\"\/><\/figure><\/div>\n\n\n\n<div class=\"wp-block-media-text is-stacked-on-mobile\"><figure class=\"wp-block-media-text__media\"><img decoding=\"async\" src=\"http:\/\/pierrefittepeinture.fr\/wp-content\/uploads\/2025\/04\/Isol-4.avif\" alt=\"\" class=\"wp-image-115 size-full\"\/><\/figure><div class=\"wp-block-media-text__content\">\n<h4 class=\"wp-block-heading has-text-align-center\"><strong><mark style=\"background-color:rgba(0, 0, 0, 0)\" class=\"has-inline-color has-kubio-color-2-color\">Pour l&rsquo;isolation thermique des combles perdus<\/mark><\/strong><\/h4>\n\n\n\n<p>Diff\u00e9rentes techniques d&rsquo;isolation sont possibles :\u00a0<\/p>\n<ul>\n<li>L&rsquo; Isolation par soufflage : est la plus utilis\u00e9e<\/li>\n<li>L&rsquo;isolant conditionn\u00e9 en vrac est souffl\u00e9\u00a0 \u00e0 l\u2019aide d\u2019un compresseur et d\u2019une machine de soufflage m\u00e9canique<br \/>cette solution est tr\u00e8s adapt\u00e9e aux combles avec acc\u00e8s difficile en neuf ou r\u00e9novation<\/li>\n<li>L&rsquo;isolation avec isolant \u00e0 d\u00e9rouler. Les rouleaux d&rsquo;isolant sont appos\u00e9s en 2 couches crois\u00e9es sur le plancher.<\/li>\n<\/ul>\n<\/div><\/div>\n\n\n\n<div style=\"height:62px\" aria-hidden=\"true\" class=\"wp-block-spacer\"><\/div>\n\n\n\n<h3 class=\"wp-block-heading\"><br><strong><mark style=\"background-color:rgba(0, 0, 0, 0)\" class=\"has-inline-color has-kubio-color-2-color\">LES ISOLANTS QUE NOUS AVONS SELECTIONNES<\/mark><\/strong><\/h3>\n\n\n\n<div style=\"height:49px\" aria-hidden=\"true\" class=\"wp-block-spacer\"><\/div>\n\n\n<p style=\"text-align: center;\">Il existe une\u00a0<strong>grande vari\u00e9t\u00e9 d\u2019isolant<\/strong>. Chaque famille de produits pr\u00e9sente des avantages et des inconv\u00e9nients \u00e0 prendre en compte. De m\u00eame, leurs poses et leurs utilisations ne sont pas adapt\u00e9es \u00e0 toutes les situations.<br \/>Pour faire le meilleur choix lors de vos travaux d\u2019isolation, en tant qu&rsquo;\u00a0<strong>artisan RGE (Reconnu Garant de l\u2019Environnement)<\/strong>. nous vous proposerons l\u2019<strong>isolant<\/strong>\u00a0le plus adapt\u00e9 \u00e0 votre projet .<\/p>\n<p style=\"text-align: center;\">La performance d&rsquo;une isolation se mesure en fonction de sa<strong>\u00a0r\u00e9sistance thermique R.\u00a0<\/strong>Cette valeur permet de comparer les isolants entre eux.<\/p>\n<p style=\"text-align: center;\">Les isolants gardent leurs propri\u00e9t\u00e9s m\u00e9caniques et thermiques dans le temps et offrent toutes les garanties de performance.<br \/>Elles sont certifi\u00e9s par l\u2019 ACERMI (Association pour la Certification des Mat\u00e9riaux Isolants)ce qui porte une garantie s\u00e9rieuse sur leurs performance thermique et leur durabilit\u00e9 pour le consommateur<\/p>\n\n\n<div style=\"height:86px\" aria-hidden=\"true\" class=\"wp-block-spacer\"><\/div>\n\n\n\n<div class=\"wp-block-media-text is-stacked-on-mobile\" style=\"grid-template-columns:32% auto\"><figure class=\"wp-block-media-text__media\"><img decoding=\"async\" src=\"http:\/\/pierrefittepeinture.fr\/wp-content\/uploads\/2025\/04\/Isol-5.1.avif\" alt=\"\" class=\"wp-image-116 size-full\"\/><\/figure><div class=\"wp-block-media-text__content\">\n<h3 class=\"wp-block-heading has-text-align-center\"><strong><mark style=\"background-color:rgba(0, 0, 0, 0)\" class=\"has-inline-color has-kubio-color-2-color\">BIOFIB Trio<\/mark><\/strong><\/h3>\n\n\n\n<blockquote class=\"wp-block-quote is-layout-flow wp-block-quote-is-layout-flow\">\n<blockquote class=\"wp-block-quote is-layout-flow wp-block-quote-is-layout-flow\">\n<blockquote class=\"wp-block-quote is-layout-flow wp-block-quote-is-layout-flow\">\n<p style=\"text-align: center;\">Dans un souci permanent de r<strong>espect de l&rsquo;environnement,\u00a0<\/strong>D\u00e9co 2000 s&#8217;emploie \u00e0 rechercher des\u00a0<strong>mat\u00e9riaux \u00e0 faible impact \u00e9cologique.<\/strong><\/p>\n<p style=\"text-align: center;\">Fruit de nombreuses recherches et essais, nous avons choisi un excellent\u00a0\u00a0isolant thermo-acoustique :<strong>\u00a0BIOFIB Trio<\/strong>\u00a0 alliance in\u00e9dite de\u00a0<strong>fibres de chanvre, coton et lin<\/strong>\u00a0<\/p>\n<p style=\"text-align: center;\">\u00a0Les\u00a0<strong>fibres v\u00e9g\u00e9tales<\/strong>, qui composent ce produit sont non toxiques (pas d&rsquo;\u00e9mission de COV ), non irritantes et\u00a0<strong>non allerg\u00e8nes.<\/strong><br \/>Elles participent\u00a0 \u00e0\u00a0<strong>r\u00e9guler toute l&rsquo;ann\u00e9e l&rsquo;hygrothermie<\/strong>\u00a0du b\u00e2ti, la chaleur est mieux conserv\u00e9e.<br \/>Elles procurent un excellent\u00a0<strong>confort d&rsquo;\u00e9t\u00e9 et d&rsquo;hiver\u00a0<\/strong>:\u00a0<strong>tr\u00e8s bon d\u00e9phasage<\/strong><\/p>\n<p style=\"text-align: center;\">Les fibres de lin et chanvre sont des\u00a0<strong>r\u00e9pulsifs naturels<\/strong>\u00a0de mites, termites, insectes.<\/p>\n<p style=\"text-align: center;\">Excellente r\u00e9silience : s&rsquo;adapte \u00e0 tous les montants<\/p>\n<\/blockquote>\n<\/blockquote>\n<\/blockquote>\n<\/div><\/div>\n\n\n\n<div style=\"height:100px\" aria-hidden=\"true\" class=\"wp-block-spacer\"><\/div>\n\n\n\n<div class=\"wp-block-media-text has-media-on-the-right is-stacked-on-mobile\" style=\"grid-template-columns:auto 35%\"><div class=\"wp-block-media-text__content\">\n<blockquote class=\"wp-block-quote is-layout-flow wp-block-quote-is-layout-flow\">\n<h3 class=\"wp-block-heading has-text-align-center\"><mark style=\"background-color:rgba(0, 0, 0, 0)\" class=\"has-inline-color has-kubio-color-2-color\">LES LAINES MINERALES<\/mark><\/h3>\n\n\n\n<p style=\"text-align: center;\">Elles ont un t<strong>r\u00e8s bon rapport performance\/prix\u00a0<\/strong>et une bonne tenue au feu (adapt\u00e9es aux chauffages au bois)\u00a0<br \/>Nous avons opt\u00e9 pour\u00a0<strong>La laine de verre.<br \/><\/strong>Elle est obtenue \u00e0 partir de silice, de verre de r\u00e9cup\u00e9ration, par fusion puis fibrage et polym\u00e9risation.\u00a0<br \/>La laine de verre assure une\u00a0<strong>bonne isolation thermique\u00a0<\/strong>et est \u00e9galement employ\u00e9e efficacement pour<strong>\u00a0insonoriser<\/strong>\u00a0les habitats.\u00a0<br \/>La laine de verre s&#8217;emploie aussi bien pour les toitures inclin\u00e9es que les combles perdus ou am\u00e9nageables, les cloisons, les murs, plafonds, en int\u00e9rieur ou ext\u00e9rieur.<\/p>\n<\/blockquote>\n<\/div><figure class=\"wp-block-media-text__media\"><img loading=\"lazy\" decoding=\"async\" width=\"300\" height=\"201\" src=\"https:\/\/pierrefittepeinture.fr\/wp-content\/uploads\/2025\/04\/Iso-6.png\" alt=\"\" class=\"wp-image-120 size-full\"\/><\/figure><\/div>\n\n\n\n<div style=\"height:100px\" aria-hidden=\"true\" class=\"wp-block-spacer\"><\/div>\n\n\n\n<div class=\"wp-block-media-text is-stacked-on-mobile\" style=\"grid-template-columns:43% auto\"><figure class=\"wp-block-media-text__media\"><img loading=\"lazy\" decoding=\"async\" width=\"515\" height=\"400\" src=\"https:\/\/pierrefittepeinture.fr\/wp-content\/uploads\/2025\/04\/Ouate-2.jpg\" alt=\"\" class=\"wp-image-150 size-full\" srcset=\"https:\/\/pierrefittepeinture.fr\/wp-content\/uploads\/2025\/04\/Ouate-2.jpg 515w, https:\/\/pierrefittepeinture.fr\/wp-content\/uploads\/2025\/04\/Ouate-2-300x233.jpg 300w\" sizes=\"(max-width: 515px) 100vw, 515px\" \/><\/figure><div class=\"wp-block-media-text__content\">\n<h3 class=\"wp-block-heading has-text-align-center\"><strong><mark style=\"background-color:rgba(0, 0, 0, 0)\" class=\"has-inline-color has-kubio-color-2-color\">LA OUATE de CELLULOSE<\/mark><\/strong><\/h3>\n\n\n\n<p style=\"text-align: center;\">est la\u00a0<strong>solution id\u00e9ale pour l&rsquo;isolation des combles perdus<\/strong>\u00a0par soufflage.<br \/>Elle est un\u00a0<strong>isolant thermo acoustique tr\u00e8s performant.<\/strong><br \/>La ouate de cellulose\u00a0 se pr\u00e9sentant sous la forme de fibres de cellulose en vrac, obtenues \u00e0 partir de\u00a0<strong>papiers de recyclage<\/strong>\u00a0tri\u00e9s, broy\u00e9s et trait\u00e9s pour r\u00e9sister au feu et au d\u00e9veloppement de moisissures. \u00a0Elle pr\u00e9sente d<strong>&lsquo;excellentes capacit\u00e9s de d\u00e9phasage thermique<\/strong>, pour un meilleur confort en \u00e9t\u00e9.\u00a0<\/p>\n<\/div><\/div>\n\n\n\n<div style=\"height:93px\" aria-hidden=\"true\" class=\"wp-block-spacer\"><\/div>\n\n\n\n<div class=\"wp-block-media-text has-media-on-the-right is-stacked-on-mobile\" style=\"grid-template-columns:auto 32%\"><div class=\"wp-block-media-text__content\">\n<h3 class=\"wp-block-heading has-text-align-center\"><mark style=\"background-color:rgba(0, 0, 0, 0)\" class=\"has-inline-color has-kubio-color-2-color\"><strong>Hybris<\/strong><\/mark><\/h3>\n\n\n\n<p style=\"text-align: center;\"><strong>Isolation sous toiture thermo-acoustique<\/strong>\u00a0tr\u00e8s efficace en pla\u00e7ant ce\u00a0<strong>panneau isolant r\u00e9flecteur alv\u00e9olaire Actis Hybris<\/strong>\u00a0au niveau des rampants de votre toiture.<\/p>\n<p style=\"text-align: center;\">\u00c0 base de mousse de poly\u00e9thyl\u00e8ne assembl\u00e9e en nid d&rsquo;abeille, il est compos\u00e9 d&rsquo;un isolant performant et formant des lames d&rsquo;air qui assure une\u00a0<strong>haute r\u00e9sistance thermique certifi\u00e9e ACERMI<\/strong>.<\/p>\n<p style=\"text-align: center;\">De plus, ces lames d&rsquo;air non ventil\u00e9es offrent un\u00a0<strong>gain de performance thermique en toute saison<\/strong>, contrairement \u00e0 la conductivit\u00e9 thermique des isolants traditionnels qui se d\u00e9grade en \u00e9t\u00e9.<\/p>\n<p style=\"text-align: center;\">Ce mat\u00e9riau est un\u00a0<strong>isolant 3-en-1<\/strong>\u00a0: il garantit aussi l&rsquo;<strong>\u00e9tanch\u00e9it\u00e9 \u00e0 l&rsquo;air<\/strong>\u00a0tout en assurant la fonction\u00a0<strong>pare-vapeur<\/strong>\u00a0sans avoir \u00e0 ajouter une membrane.<\/p>\n<p style=\"text-align: center;\">Ses dimensions sont\u00a0<strong>id\u00e9ales pour isoler la toiture<\/strong>\u00a0par l&rsquo;int\u00e9rieur. Sa l\u00e9g\u00e8ret\u00e9 permet de le\u00a0<strong>poser facilement et rapidement<\/strong>. Enfin, sa composition est\u00a0<strong>recyclable et pr\u00e9serve la qualit\u00e9 de l&rsquo;air<\/strong>\u00a0int\u00e9rieur.<\/p>\n<\/div><figure class=\"wp-block-media-text__media\"><img loading=\"lazy\" decoding=\"async\" width=\"600\" height=\"600\" src=\"http:\/\/pierrefittepeinture.fr\/wp-content\/uploads\/2025\/04\/hybris-toiture.png\" alt=\"\" class=\"wp-image-154 size-full\" srcset=\"https:\/\/pierrefittepeinture.fr\/wp-content\/uploads\/2025\/04\/hybris-toiture.png 600w, https:\/\/pierrefittepeinture.fr\/wp-content\/uploads\/2025\/04\/hybris-toiture-300x300.png 300w, https:\/\/pierrefittepeinture.fr\/wp-content\/uploads\/2025\/04\/hybris-toiture-150x150.png 150w\" sizes=\"(max-width: 600px) 100vw, 600px\" \/><\/figure><\/div>\n\n\n\n<div style=\"height:100px\" aria-hidden=\"true\" class=\"wp-block-spacer\"><\/div>\n\n\n\n<h3 class=\"wp-block-heading has-text-align-center\"><mark style=\"background-color:rgba(0, 0, 0, 0)\" class=\"has-inline-color has-kubio-color-2-color\"><strong>Sol en plaques de Fermacell<\/strong><\/mark><\/h3>\n\n\n\n<div style=\"height:75px\" aria-hidden=\"true\" class=\"wp-block-spacer\"><\/div>\n\n\n\n<div class=\"wp-block-media-text is-stacked-on-mobile\"><figure class=\"wp-block-media-text__media\"><img loading=\"lazy\" decoding=\"async\" width=\"351\" height=\"144\" src=\"http:\/\/pierrefittepeinture.fr\/wp-content\/uploads\/2025\/04\/Fermacell-21.jpg\" alt=\"\" class=\"wp-image-247 size-full\" srcset=\"https:\/\/pierrefittepeinture.fr\/wp-content\/uploads\/2025\/04\/Fermacell-21.jpg 351w, https:\/\/pierrefittepeinture.fr\/wp-content\/uploads\/2025\/04\/Fermacell-21-300x123.jpg 300w\" sizes=\"(max-width: 351px) 100vw, 351px\" \/><\/figure><div class=\"wp-block-media-text__content\">\n<p class=\"has-text-align-center\">Avec les plaques de sol Fermacell, vous avez la possibilit\u00e9 de cr\u00e9er des chapes s\u00e8ches de haute qualit\u00e9. Celles-ci sont adapt\u00e9es \u00e0 divers domaines d&rsquo;utilisation, tout en permettant de cr\u00e9er des structures plus l\u00e9g\u00e8res que les chapes traditionnelles et \u00e9galement pour rattraper un faux niveau.<\/p>\n<\/div><\/div>\n\n\n<div class=\"wp-block-image\">\n<figure class=\"aligncenter size-full is-resized\"><img loading=\"lazy\" decoding=\"async\" width=\"800\" height=\"800\" src=\"http:\/\/pierrefittepeinture.fr\/wp-content\/uploads\/2025\/04\/Fermacell-2.jpg\" alt=\"\" class=\"wp-image-248\" style=\"width:378px;height:auto\" srcset=\"https:\/\/pierrefittepeinture.fr\/wp-content\/uploads\/2025\/04\/Fermacell-2.jpg 800w, https:\/\/pierrefittepeinture.fr\/wp-content\/uploads\/2025\/04\/Fermacell-2-300x300.jpg 300w, https:\/\/pierrefittepeinture.fr\/wp-content\/uploads\/2025\/04\/Fermacell-2-150x150.jpg 150w, https:\/\/pierrefittepeinture.fr\/wp-content\/uploads\/2025\/04\/Fermacell-2-768x768.jpg 768w\" sizes=\"(max-width: 800px) 100vw, 800px\" \/><\/figure>\n<\/div>\n\n<p>Les principaux avantages de la plaque de sol Fermacell :\u00a0<\/p>\n<ul>\n<li class=\"TrT0Xe\">isolation acoustique du\u00a0<b>Fermacell<\/b>.<\/li>\n<li class=\"TrT0Xe\">isolation feu du\u00a0<b>Fermacell<\/b>.<\/li>\n<li class=\"TrT0Xe\">isolation thermique du\u00a0<b>Fermacell<\/b>.<\/li>\n<li class=\"TrT0Xe\">r\u00e9sistance \u00e0 la flexion, \u00e0 la traction et \u00e0 la charge en un point donn\u00e9 du\u00a0<b>Fermacell<\/b>.<\/li>\n<li class=\"TrT0Xe\">facilit\u00e9 de mise en oeuvre, par exemple coller les plaques.<\/li>\n<\/ul>\n\n\n<figure class=\"wp-block-image size-large\"><img loading=\"lazy\" decoding=\"async\" width=\"1024\" height=\"551\" src=\"http:\/\/pierrefittepeinture.fr\/wp-content\/uploads\/2025\/04\/Femacell-3-1-1024x551.jpg\" alt=\"\" class=\"wp-image-249\" srcset=\"https:\/\/pierrefittepeinture.fr\/wp-content\/uploads\/2025\/04\/Femacell-3-1-1024x551.jpg 1024w, https:\/\/pierrefittepeinture.fr\/wp-content\/uploads\/2025\/04\/Femacell-3-1-300x162.jpg 300w, https:\/\/pierrefittepeinture.fr\/wp-content\/uploads\/2025\/04\/Femacell-3-1-768x414.jpg 768w, https:\/\/pierrefittepeinture.fr\/wp-content\/uploads\/2025\/04\/Femacell-3-1-1536x827.jpg 1536w, https:\/\/pierrefittepeinture.fr\/wp-content\/uploads\/2025\/04\/Femacell-3-1-1920x1034.jpg 1920w, https:\/\/pierrefittepeinture.fr\/wp-content\/uploads\/2025\/04\/Femacell-3-1.jpg 2000w\" sizes=\"(max-width: 1024px) 100vw, 1024px\" \/><\/figure>\n","protected":false},"excerpt":{"rendered":"<p>Pourquoi faire isoler son logement? ECOLOGIE, ECONOMIE et CONFORT Lorsque le logement est peu ou mal isol\u00e9, les murs s\u2019impr\u00e8gnent de la temp\u00e9rature ext\u00e9rieure et le ressenti se refroidi ou se r\u00e9chauffe. L\u2019isolation des parois anciennes est une des premi\u00e8res mesures \u00e0 mettre en \u0153uvre pour l\u2019am\u00e9lioration thermique des b\u00e2timents. Vous vivrez ainsi dans un [&hellip;]<\/p>\n","protected":false},"author":1,"featured_media":0,"parent":0,"menu_order":0,"comment_status":"closed","ping_status":"closed","template":"","meta":{"saved_in_kubio":false,"footnotes":""},"class_list":["post-90","page","type-page","status-publish","hentry"],"kubio_ai_page_context":{"short_desc":"","purpose":"general"},"_links":{"self":[{"href":"https:\/\/pierrefittepeinture.fr\/index.php\/wp-json\/wp\/v2\/pages\/90","targetHints":{"allow":["GET"]}}],"collection":[{"href":"https:\/\/pierrefittepeinture.fr\/index.php\/wp-json\/wp\/v2\/pages"}],"about":[{"href":"https:\/\/pierrefittepeinture.fr\/index.php\/wp-json\/wp\/v2\/types\/page"}],"author":[{"embeddable":true,"href":"https:\/\/pierrefittepeinture.fr\/index.php\/wp-json\/wp\/v2\/users\/1"}],"replies":[{"embeddable":true,"href":"https:\/\/pierrefittepeinture.fr\/index.php\/wp-json\/wp\/v2\/comments?post=90"}],"version-history":[{"count":28,"href":"https:\/\/pierrefittepeinture.fr\/index.php\/wp-json\/wp\/v2\/pages\/90\/revisions"}],"predecessor-version":[{"id":370,"href":"https:\/\/pierrefittepeinture.fr\/index.php\/wp-json\/wp\/v2\/pages\/90\/revisions\/370"}],"wp:attachment":[{"href":"https:\/\/pierrefittepeinture.fr\/index.php\/wp-json\/wp\/v2\/media?parent=90"}],"curies":[{"name":"wp","href":"https:\/\/api.w.org\/{rel}","templated":true}]}}