{"id":88,"date":"2025-04-10T14:26:01","date_gmt":"2025-04-10T12:26:01","guid":{"rendered":"https:\/\/pierrefittepeinture.fr\/?page_id=88"},"modified":"2025-04-29T16:33:55","modified_gmt":"2025-04-29T14:33:55","slug":"sols","status":"publish","type":"page","link":"https:\/\/pierrefittepeinture.fr\/index.php\/sols\/","title":{"rendered":"Sols"},"content":{"rendered":"\n<h3 class=\"wp-block-heading has-text-align-center\"><mark style=\"background-color:rgba(0, 0, 0, 0)\" class=\"has-inline-color has-kubio-color-3-color\"><strong>STRATIFI\u00c9, LAME ET DALLES VINYLE, FIBRES NATURELLES<\/strong><\/mark><\/h3>\n\n\n\n<p class=\"has-text-align-center\">Pour vos travaux dans le Neuf ou en R\u00e9novation, notre soci\u00e9t\u00e9 vous propose&nbsp;<br>un large choix de sols du plus intemporel \u00e0 la derni\u00e8re tendance.<br>Nous vous conseillerons dans le choix du produit le plus adapt\u00e9 \u00e0 votre projet.<\/p>\n\n\n\n<div style=\"height:100px\" aria-hidden=\"true\" class=\"wp-block-spacer\"><\/div>\n\n\n\n<div class=\"wp-block-media-text is-stacked-on-mobile\" style=\"grid-template-columns:35% auto\"><figure class=\"wp-block-media-text__media\"><img decoding=\"async\" src=\"https:\/\/pierrefittepeinture.fr\/wp-content\/uploads\/2025\/04\/Vitrification-vieux-parquet.avif\" alt=\"\" class=\"wp-image-255 size-full\"\/><\/figure><div class=\"wp-block-media-text__content\">\n<h3 class=\"wp-block-heading\"><strong><mark style=\"background-color:rgba(0, 0, 0, 0)\" class=\"has-inline-color has-kubio-color-3-color\">Vitrification parquet<\/mark><\/strong><\/h3>\n\n\n\n<p>La&nbsp;<strong>vitrification<\/strong>&nbsp;d&rsquo;un&nbsp;<strong>parquet<\/strong>&nbsp;est une technique qui permet de prot\u00e9ger un&nbsp;<strong>parquet<\/strong>, d&rsquo;am\u00e9liorer son aspect et de faciliter son entretien. Elle consiste en l&rsquo;application d&rsquo;un vernis \u00e0&nbsp;<strong>parquet<\/strong> apr\u00e8s pon\u00e7age.<\/p>\n<\/div><\/div>\n\n\n\n<div style=\"height:100px\" aria-hidden=\"true\" class=\"wp-block-spacer\"><\/div>\n\n\n\n<div class=\"wp-block-media-text has-media-on-the-right is-stacked-on-mobile\"><div class=\"wp-block-media-text__content\">\n<h3 class=\"wp-block-heading has-text-align-center\"><strong><mark style=\"background-color:rgba(0, 0, 0, 0)\" class=\"has-inline-color has-kubio-color-3-color\">Les lames et dalles Vinyles<\/mark><\/strong><\/h3>\n\n\n\n<p class=\"has-text-align-left\"><strong>Solution r\u00e9volutionnaire<\/strong>, elles offrent un&nbsp;<strong>choix tr\u00e8s large<\/strong>&nbsp;de rendu bois, pierre, b\u00e9ton cir\u00e9 et conviennent \u00e0 tous les go\u00fbts :&nbsp; design traditionnel, \u00e9l\u00e9gant, rassurant ou cr\u00e9atif.<br>Ces sols sont<strong>&nbsp;adapt\u00e9s \u00e0 toutes les utilisations<\/strong>&nbsp;(passage fr\u00e9quent, pi\u00e8ces d&rsquo;eau..) et parfait en terme de&nbsp;<strong>durabilit\u00e9 et facilit\u00e9 d&rsquo;entretien.<\/strong><br>Nous pouvons vous proposer des gammes sp\u00e9cialement adapt\u00e9es \u00e0 la<strong>&nbsp;r\u00e9duction des bruits<\/strong>. De plus, elles sont 100% recyclables.<\/p>\n\n\n\n<p class=\"has-text-align-center\"><a href=\"https:\/\/www.florafloor.com\/categorie-produit\/lames-vinyle-parquet\/\">Mod\u00e8les de sols LVT<\/a><\/p>\n<\/div><figure class=\"wp-block-media-text__media\"><img loading=\"lazy\" decoding=\"async\" width=\"760\" height=\"1024\" src=\"http:\/\/pierrefittepeinture.fr\/wp-content\/uploads\/2025\/04\/Sol-porte-dentree-bis-1-760x1024.jpg\" alt=\"\" class=\"wp-image-270 size-full\" srcset=\"https:\/\/pierrefittepeinture.fr\/wp-content\/uploads\/2025\/04\/Sol-porte-dentree-bis-1-760x1024.jpg 760w, https:\/\/pierrefittepeinture.fr\/wp-content\/uploads\/2025\/04\/Sol-porte-dentree-bis-1-223x300.jpg 223w, https:\/\/pierrefittepeinture.fr\/wp-content\/uploads\/2025\/04\/Sol-porte-dentree-bis-1-768x1035.jpg 768w, https:\/\/pierrefittepeinture.fr\/wp-content\/uploads\/2025\/04\/Sol-porte-dentree-bis-1-801x1080.jpg 801w, https:\/\/pierrefittepeinture.fr\/wp-content\/uploads\/2025\/04\/Sol-porte-dentree-bis-1.jpg 964w\" sizes=\"(max-width: 760px) 100vw, 760px\" \/><\/figure><\/div>\n\n\n\n<div style=\"height:100px\" aria-hidden=\"true\" class=\"wp-block-spacer\"><\/div>\n\n\n\n<div class=\"wp-block-media-text is-stacked-on-mobile\"><figure class=\"wp-block-media-text__media\"><img loading=\"lazy\" decoding=\"async\" width=\"1024\" height=\"679\" src=\"http:\/\/pierrefittepeinture.fr\/wp-content\/uploads\/2025\/04\/Parquet-stretifie.jpg\" alt=\"\" class=\"wp-image-269 size-full\" srcset=\"https:\/\/pierrefittepeinture.fr\/wp-content\/uploads\/2025\/04\/Parquet-stretifie.jpg 1024w, https:\/\/pierrefittepeinture.fr\/wp-content\/uploads\/2025\/04\/Parquet-stretifie-300x199.jpg 300w, https:\/\/pierrefittepeinture.fr\/wp-content\/uploads\/2025\/04\/Parquet-stretifie-768x509.jpg 768w\" sizes=\"(max-width: 1024px) 100vw, 1024px\" \/><\/figure><div class=\"wp-block-media-text__content\">\n<h3 class=\"wp-block-heading has-text-align-center\"><strong><mark style=\"background-color:rgba(0, 0, 0, 0)\" class=\"has-inline-color has-kubio-color-3-color\">Les sols stratifi\u00e9s<\/mark><\/strong><\/h3>\n\n\n\n<p>compos\u00e9 de fibre de bois recouvert d&rsquo;une couche d\u00e9cor et d&rsquo;une couche de protection,&nbsp;les stratifi\u00e9s offrent un large choix de dimensions de lames. L&rsquo;aspect bois est tr\u00e8s fid\u00e8le. L&rsquo;entretien est simple.<\/p>\n<\/div><\/div>\n\n\n\n<div style=\"height:100px\" aria-hidden=\"true\" class=\"wp-block-spacer\"><\/div>\n\n\n\n<div class=\"wp-block-media-text has-media-on-the-right is-stacked-on-mobile\"><div class=\"wp-block-media-text__content\">\n<h3 class=\"wp-block-heading has-text-align-center\"><strong><mark style=\"background-color:rgba(0, 0, 0, 0)\" class=\"has-inline-color has-kubio-color-3-color\">Les fibres naturelles&nbsp;<\/mark><\/strong><\/h3>\n\n\n\n<p>Le&nbsp;<strong>sisal<\/strong>&nbsp;est une&nbsp;<strong>fibre v\u00e9g\u00e9tale<\/strong>&nbsp;issue d&rsquo;un cactus subtropical, l&rsquo;agave, tress\u00e9e puis coll\u00e9e sur une sous-couche de latex, feutre ou coton, pour se transformer en un<strong>&nbsp;rev\u00eatement<\/strong>&nbsp;naturel et tendance<br>Il n&rsquo;est pas adapt\u00e9 aux pi\u00e8ces humides mais pr\u00e9sente de bonnes propri\u00e9t\u00e9s isolantes thermiques et phoniques.&nbsp;<strong>Le jonc&nbsp;de mer<\/strong> est une fibre aquatique s\u00e9ch\u00e9e qui apporte une note tr\u00e8s tendance et naturelle aux int\u00e9rieurs.<br>Il peut \u00eatre adapt\u00e9 pour des pi\u00e8ces humides et ventil\u00e9es. Il pr\u00e9sente de bonnes propri\u00e9t\u00e9s isolantes thermiques et phoniques.&nbsp;<\/p>\n<\/div><figure class=\"wp-block-media-text__media\"><img decoding=\"async\" src=\"https:\/\/pierrefittepeinture.fr\/wp-content\/uploads\/2025\/04\/sols-3.avif\" alt=\"\" class=\"wp-image-181 size-full\"\/><\/figure><\/div>\n\n\n\n<div style=\"height:100px\" aria-hidden=\"true\" class=\"wp-block-spacer\"><\/div>\n\n\n\n<div class=\"wp-block-media-text is-stacked-on-mobile\"><figure class=\"wp-block-media-text__media\"><img loading=\"lazy\" decoding=\"async\" width=\"525\" height=\"525\" src=\"https:\/\/pierrefittepeinture.fr\/wp-content\/uploads\/2025\/04\/moquette-velours-silver.png\" alt=\"\" class=\"wp-image-271 size-full\" srcset=\"https:\/\/pierrefittepeinture.fr\/wp-content\/uploads\/2025\/04\/moquette-velours-silver.png 525w, https:\/\/pierrefittepeinture.fr\/wp-content\/uploads\/2025\/04\/moquette-velours-silver-300x300.png 300w, https:\/\/pierrefittepeinture.fr\/wp-content\/uploads\/2025\/04\/moquette-velours-silver-150x150.png 150w\" sizes=\"(max-width: 525px) 100vw, 525px\" \/><\/figure><div class=\"wp-block-media-text__content\">\n<h3 class=\"wp-block-heading\"><strong><mark style=\"background-color:rgba(0, 0, 0, 0)\" class=\"has-inline-color has-kubio-color-3-color\">Moquette<\/mark><\/strong><\/h3>\n\n\n\n<p>Sa douceur et sa chaleur sont particuli\u00e8rement appr\u00e9ci\u00e9es sous les pieds. Elle participe pleinement \u00e0 une meilleure qualit\u00e9 de vie au travail. Les fibres de la&nbsp;moquette&nbsp;procurent un excellent niveau d&rsquo;isolation phonique. Elle contribue ainsi \u00e0 r\u00e9duire le bruit, notamment l&rsquo;impact des pas.<\/p>\n<\/div><\/div>\n\n\n\n<div style=\"height:100px\" aria-hidden=\"true\" class=\"wp-block-spacer\"><\/div>\n\n\n\n<h3 class=\"wp-block-heading has-text-align-center\"><mark style=\"background-color:rgba(0, 0, 0, 0)\" class=\"has-inline-color has-kubio-color-3-color\"><strong>Rev\u00eatement sol PVC<\/strong><\/mark><\/h3>\n\n\n\n<p><\/p>\n\n\n\n<figure class=\"wp-block-gallery has-nested-images columns-default is-cropped wp-block-gallery-1 is-layout-flex wp-block-gallery-is-layout-flex\">\n<figure class=\"wp-block-image size-large\"><img loading=\"lazy\" decoding=\"async\" width=\"800\" height=\"523\" data-id=\"272\" src=\"https:\/\/pierrefittepeinture.fr\/wp-content\/uploads\/2025\/04\/rouleau-de-lino.webp\" alt=\"\" class=\"wp-image-272\" srcset=\"https:\/\/pierrefittepeinture.fr\/wp-content\/uploads\/2025\/04\/rouleau-de-lino.webp 800w, https:\/\/pierrefittepeinture.fr\/wp-content\/uploads\/2025\/04\/rouleau-de-lino-300x196.webp 300w, https:\/\/pierrefittepeinture.fr\/wp-content\/uploads\/2025\/04\/rouleau-de-lino-768x502.webp 768w\" sizes=\"(max-width: 800px) 100vw, 800px\" \/><\/figure>\n\n\n\n<figure class=\"wp-block-image size-large\"><img loading=\"lazy\" decoding=\"async\" width=\"1000\" height=\"667\" data-id=\"273\" src=\"https:\/\/pierrefittepeinture.fr\/wp-content\/uploads\/2025\/04\/lino.jpg\" alt=\"\" class=\"wp-image-273\" srcset=\"https:\/\/pierrefittepeinture.fr\/wp-content\/uploads\/2025\/04\/lino.jpg 1000w, https:\/\/pierrefittepeinture.fr\/wp-content\/uploads\/2025\/04\/lino-300x200.jpg 300w, https:\/\/pierrefittepeinture.fr\/wp-content\/uploads\/2025\/04\/lino-768x512.jpg 768w\" sizes=\"(max-width: 1000px) 100vw, 1000px\" \/><\/figure>\n<\/figure>\n\n\n\n<p>Le sol PVC, appel\u00e9 sol vinyle, est un rev\u00eatement synth\u00e9tique&nbsp;<strong>moderne, souple et r\u00e9sistant<\/strong>. Il peut \u00eatre destin\u00e9 \u00e0 l\u2019habitat&nbsp;<strong>individuel ou collectif<\/strong>, mais aussi aux locaux \u00e0 fort trafic dans le secteur de la sant\u00e9, les \u00e9tablissements scolaires, les administrations, les bureaux et les commerces.<\/p>\n\n\n\n<p>Contrairement \u00e0 un sol en parquet massif ou&nbsp;<a href=\"https:\/\/www.zolpan.fr\/catalogue\/conseils-d-expert\/solutions-par-gamme\/nos-revetements-sols\/parquet-contrecolle\">parquet contrecoll\u00e9<\/a>, le sol en PVC&nbsp;<strong>se nettoie et s\u2019entretient tr\u00e8s facilement<\/strong>. Il craint peu&nbsp;les taches et&nbsp;les rayures. C\u2019est d\u2019ailleurs une des raisons qui explique que ce type de sol est tr\u00e8s souvent utilis\u00e9 dans les ERP. Les versions acoustiques offrent \u00e9galement une bonne&nbsp;<strong>isolation phonique<\/strong>&nbsp;pour un confort optimal. Mais comme pour tout autre rev\u00eatement, il&nbsp;<strong>n\u00e9cessite une surface plane et saine<\/strong>&nbsp;avant d&rsquo;\u00eatre pos\u00e9.<\/p>\n\n\n\n<div style=\"height:100px\" aria-hidden=\"true\" class=\"wp-block-spacer\"><\/div>\n\n\n\n<div class=\"wp-block-media-text has-media-on-the-right is-stacked-on-mobile\"><div class=\"wp-block-media-text__content\">\n<h3 class=\"wp-block-heading has-text-align-center\"><mark style=\"background-color:rgba(0, 0, 0, 0)\" class=\"has-inline-color has-kubio-color-3-color\"><strong>Peinture sol<\/strong><\/mark><\/h3>\n\n\n\n<p>La peinture pour sols&nbsp;permet une r\u00e9novation et <em>apporte une extr\u00eame r\u00e9sistance chimique et m\u00e9canique \u00e0 vos sols<\/em>, pour une surface saine, sans poussi\u00e8re et tr\u00e8s simple \u00e0 nettoyer.&nbsp;<\/p>\n<\/div><figure class=\"wp-block-media-text__media\"><img loading=\"lazy\" decoding=\"async\" width=\"1024\" height=\"576\" src=\"https:\/\/pierrefittepeinture.fr\/wp-content\/uploads\/2025\/04\/Peinture-sol-1024x576.jpg\" alt=\"\" class=\"wp-image-276 size-full\" srcset=\"https:\/\/pierrefittepeinture.fr\/wp-content\/uploads\/2025\/04\/Peinture-sol-1024x576.jpg 1024w, https:\/\/pierrefittepeinture.fr\/wp-content\/uploads\/2025\/04\/Peinture-sol-300x169.jpg 300w, https:\/\/pierrefittepeinture.fr\/wp-content\/uploads\/2025\/04\/Peinture-sol-768x432.jpg 768w, https:\/\/pierrefittepeinture.fr\/wp-content\/uploads\/2025\/04\/Peinture-sol-1536x864.jpg 1536w, https:\/\/pierrefittepeinture.fr\/wp-content\/uploads\/2025\/04\/Peinture-sol.jpg 1920w\" sizes=\"(max-width: 1024px) 100vw, 1024px\" \/><\/figure><\/div>\n\n\n\n<p><\/p>\n","protected":false},"excerpt":{"rendered":"<p>STRATIFI\u00c9, LAME ET DALLES VINYLE, FIBRES NATURELLES Pour vos travaux dans le Neuf ou en R\u00e9novation, notre soci\u00e9t\u00e9 vous propose&nbsp;un large choix de sols du plus intemporel \u00e0 la derni\u00e8re tendance.Nous vous conseillerons dans le choix du produit le plus adapt\u00e9 \u00e0 votre projet. Vitrification parquet La&nbsp;vitrification&nbsp;d&rsquo;un&nbsp;parquet&nbsp;est une technique qui permet de prot\u00e9ger un&nbsp;parquet, d&rsquo;am\u00e9liorer [&hellip;]<\/p>\n","protected":false},"author":1,"featured_media":0,"parent":0,"menu_order":0,"comment_status":"closed","ping_status":"closed","template":"","meta":{"saved_in_kubio":false,"footnotes":""},"class_list":["post-88","page","type-page","status-publish","hentry"],"kubio_ai_page_context":{"short_desc":"","purpose":"general"},"_links":{"self":[{"href":"https:\/\/pierrefittepeinture.fr\/index.php\/wp-json\/wp\/v2\/pages\/88","targetHints":{"allow":["GET"]}}],"collection":[{"href":"https:\/\/pierrefittepeinture.fr\/index.php\/wp-json\/wp\/v2\/pages"}],"about":[{"href":"https:\/\/pierrefittepeinture.fr\/index.php\/wp-json\/wp\/v2\/types\/page"}],"author":[{"embeddable":true,"href":"https:\/\/pierrefittepeinture.fr\/index.php\/wp-json\/wp\/v2\/users\/1"}],"replies":[{"embeddable":true,"href":"https:\/\/pierrefittepeinture.fr\/index.php\/wp-json\/wp\/v2\/comments?post=88"}],"version-history":[{"count":15,"href":"https:\/\/pierrefittepeinture.fr\/index.php\/wp-json\/wp\/v2\/pages\/88\/revisions"}],"predecessor-version":[{"id":381,"href":"https:\/\/pierrefittepeinture.fr\/index.php\/wp-json\/wp\/v2\/pages\/88\/revisions\/381"}],"wp:attachment":[{"href":"https:\/\/pierrefittepeinture.fr\/index.php\/wp-json\/wp\/v2\/media?parent=88"}],"curies":[{"name":"wp","href":"https:\/\/api.w.org\/{rel}","templated":true}]}}