{"id":62,"date":"2025-04-09T18:57:29","date_gmt":"2025-04-09T16:57:29","guid":{"rendered":"https:\/\/pierrefittepeinture.fr\/index.php\/accueil-2\/"},"modified":"2025-04-15T15:48:21","modified_gmt":"2025-04-15T13:48:21","slug":"accueil-2","status":"publish","type":"page","link":"https:\/\/pierrefittepeinture.fr\/index.php\/accueil-2\/","title":{"rendered":"Pl\u00e2trerie"},"content":{"rendered":"\n<h3 class=\"wp-block-heading has-text-align-center\"><strong><mark style=\"background-color:rgba(0, 0, 0, 0)\" class=\"has-inline-color has-kubio-color-1-color\">LA PLATRERIE<\/mark><\/strong><\/h3>\n\n\n<p style=\"text-align: center;\">\u00a0Pour tous vos projets en NEUF ou RENOVATION<br \/>\u00a0dans votre maison, votre appartement, votre immeuble, votre entreprise,<br \/>\u00a0nous vous apporterons la solution la plus adapt\u00e9e :<\/p>\n<p style=\"text-align: center;\"><strong>Cloisons, Doublages, Faux-plafonds, Solutions phoniques, Solutions coupe-feu&#8230;<\/strong><\/p>\n\n\n<div style=\"height:65px\" aria-hidden=\"true\" class=\"wp-block-spacer\"><\/div>\n\n\n\n<div class=\"wp-block-media-text is-stacked-on-mobile\"><figure class=\"wp-block-media-text__media\"><img loading=\"lazy\" decoding=\"async\" width=\"800\" height=\"600\" src=\"https:\/\/pierrefittepeinture.fr\/wp-content\/uploads\/2025\/04\/bandes-a-joint-plaquiste-lyon-1.jpg\" alt=\"\" class=\"wp-image-161 size-full\" srcset=\"https:\/\/pierrefittepeinture.fr\/wp-content\/uploads\/2025\/04\/bandes-a-joint-plaquiste-lyon-1.jpg 800w, https:\/\/pierrefittepeinture.fr\/wp-content\/uploads\/2025\/04\/bandes-a-joint-plaquiste-lyon-1-300x225.jpg 300w, https:\/\/pierrefittepeinture.fr\/wp-content\/uploads\/2025\/04\/bandes-a-joint-plaquiste-lyon-1-768x576.jpg 768w\" sizes=\"(max-width: 800px) 100vw, 800px\" \/><\/figure><div class=\"wp-block-media-text__content\">\n<p><strong>Nos \u00e9quipes de professionnels travaillent dans le respect des normes en vigueur&nbsp;<\/strong>DTU 25.41,&nbsp; Document Technique Unifi\u00e9. Ce document est la synth\u00e8se des r\u00e8gles de l\u2019art concernant les ouvrages en plaque de pl\u00e2tre.<\/p>\n\n\n\n<p><strong>Notre responsable technique,<\/strong>&nbsp;fort de ses 20 ans d&rsquo;exp\u00e9rience, vous proposera \u00e0 l&rsquo;issue de la visite technique, une&nbsp;<strong>solution optimale<\/strong>&nbsp;en terme de&nbsp;<strong>prix et qualit\u00e9.<\/strong><\/p>\n<\/div><\/div>\n\n\n\n<div style=\"height:100px\" aria-hidden=\"true\" class=\"wp-block-spacer\"><\/div>\n\n\n\n<h3 class=\"wp-block-heading has-text-align-center\"><mark style=\"background-color:rgba(0, 0, 0, 0)\" class=\"has-inline-color has-kubio-color-1-color\"><strong>LES PLAFONDS<\/strong><\/mark><\/h3>\n\n\n\n<div style=\"height:44px\" aria-hidden=\"true\" class=\"wp-block-spacer\"><\/div>\n\n\n<p>Habiller un plafond ab\u00eem\u00e9, am\u00e9liorer l&rsquo;isolation phonique entre deux niveaux,\u00a0 reprendre un plafond suite \u00e0 un d\u00e9g\u00e2t des eaux, cr\u00e9er un plafond design pour votre cuisine\u2026<br \/>Nos sp\u00e9cialistes r\u00e9pondent \u00e0 toutes vos demandes par une \u00e9tude personnalis\u00e9e et des r\u00e9alisations soign\u00e9es.<\/p>\n\n\n<figure class=\"wp-block-gallery has-nested-images columns-default is-cropped wp-block-gallery-1 is-layout-flex wp-block-gallery-is-layout-flex\">\n<figure class=\"wp-block-image size-large\"><img decoding=\"async\" data-id=\"167\" src=\"https:\/\/pierrefittepeinture.fr\/wp-content\/uploads\/2025\/04\/Faux-plafond-1.avif\" alt=\"\" class=\"wp-image-167\"\/><\/figure>\n\n\n\n<figure class=\"wp-block-image size-large\"><img decoding=\"async\" data-id=\"165\" src=\"https:\/\/pierrefittepeinture.fr\/wp-content\/uploads\/2025\/04\/Coupe-feu-1.avif\" alt=\"\" class=\"wp-image-165\"\/><\/figure>\n\n\n\n<figure class=\"wp-block-image size-large\"><img decoding=\"async\" data-id=\"166\" src=\"https:\/\/pierrefittepeinture.fr\/wp-content\/uploads\/2025\/04\/plafonds-dalles-1.avif\" alt=\"\" class=\"wp-image-166\"\/><\/figure>\n<\/figure>\n\n\n\n<figure class=\"wp-block-table\"><table class=\"has-fixed-layout\"><tbody><tr><td class=\"has-text-align-center\" data-align=\"center\"><strong><mark style=\"background-color:rgba(0, 0, 0, 0)\" class=\"has-inline-color has-kubio-color-1-color\">LES FAUX PLAFOND<\/mark><\/strong><br><br>Plafond rampant ou plafond plat, avec ou sans d\u00e9coupe entre poutres, en plaque de pl\u00e2tre standard ou hydrofuges&#8230; nous r\u00e9pondons \u00e0 toutes vos demandes.<\/td><td class=\"has-text-align-center\" data-align=\"center\"><mark style=\"background-color:rgba(0, 0, 0, 0)\" class=\"has-inline-color has-kubio-color-1-color\"><strong>     LES PALFONDS <\/strong><\/mark><br>        <mark style=\"background-color:rgba(0, 0, 0, 0)\" class=\"has-inline-color has-kubio-color-1-color\"><strong>COUPE-FEU<\/strong><\/mark><br><br>L&rsquo;installation de plaque de pl\u00e2tre coupe-feu est recommand\u00e9e dans les commerces, ERP et logements situ\u00e9s au-dessus de locaux dont les exigences anti-incendie sont plus \u00e9lev\u00e9es.<\/td><td class=\"has-text-align-center\" data-align=\"center\"><strong><mark style=\"background-color:rgba(0, 0, 0, 0)\" class=\"has-inline-color has-kubio-color-1-color\">LES PLAFONDS DALLES<\/mark><\/strong><br><br>Solution souvent privil\u00e9gi\u00e9e pour les locaux professionnels, il est constitu\u00e9 d&rsquo;une ossature m\u00e9tallique que l&rsquo;on fixe au plafond pour la d\u00e9solidariser de la structure porteuse et sur laquelle on pose des dalles. <br>Les plafonds dalles pr\u00e9sentent de tr\u00e8s bonnes propri\u00e9t\u00e9s thermiques et phoniques.<\/td><\/tr><\/tbody><\/table><\/figure>\n\n\n\n<div style=\"height:116px\" aria-hidden=\"true\" class=\"wp-block-spacer\"><\/div>\n\n\n\n<h3 class=\"wp-block-heading has-text-align-center\"><strong><mark style=\"background-color:rgba(0, 0, 0, 0)\" class=\"has-inline-color has-kubio-color-1-color\">LES CLOISONS<\/mark> <\/strong><\/h3>\n\n\n\n<div style=\"height:66px\" aria-hidden=\"true\" class=\"wp-block-spacer\"><\/div>\n\n\n\n<figure class=\"wp-block-gallery has-nested-images columns-default is-cropped wp-block-gallery-2 is-layout-flex wp-block-gallery-is-layout-flex\">\n<figure class=\"wp-block-image size-large\"><img decoding=\"async\" data-id=\"171\" src=\"https:\/\/pierrefittepeinture.fr\/wp-content\/uploads\/2025\/04\/cloisosn-1.avif\" alt=\"\" class=\"wp-image-171\"\/><\/figure>\n\n\n\n<figure class=\"wp-block-image size-large\"><img decoding=\"async\" data-id=\"172\" src=\"https:\/\/pierrefittepeinture.fr\/wp-content\/uploads\/2025\/04\/Cloison-s2.avif\" alt=\"\" class=\"wp-image-172\"\/><\/figure>\n\n\n\n<figure class=\"wp-block-image size-large\"><img decoding=\"async\" data-id=\"170\" src=\"https:\/\/pierrefittepeinture.fr\/wp-content\/uploads\/2025\/04\/Cloisons-3.avif\" alt=\"\" class=\"wp-image-170\"\/><\/figure>\n<\/figure>\n\n\n\n<figure class=\"wp-block-table\"><table class=\"has-fixed-layout\"><tbody><tr><td class=\"has-text-align-center\" data-align=\"center\"><br><mark style=\"background-color:rgba(0, 0, 0, 0)\" class=\"has-inline-color has-kubio-color-1-color\"><strong>LES CLOISONS <\/strong><\/mark><br><br>Ce sont les cloisons les plus fr\u00e9quemment implant\u00e9es. Elles sont constitu\u00e9es de plaques de pl\u00e2tre viss\u00e9es sur une ossature m\u00e9tallique, r\u00e9alis\u00e9e \u00e0 partir de rails et montants. Ce syst\u00e8me permet d\u2019obtenir diff\u00e9rents types de performances en fonction du choix des plaques de pl\u00e2tre&nbsp; et de l\u2019isolant.<\/td><td class=\"has-text-align-center\" data-align=\"center\"><mark style=\"background-color:rgba(0, 0, 0, 0)\" class=\"has-inline-color has-kubio-color-1-color\"><strong>LES CLOISONS PHONIQUES<\/strong><\/mark><br><br>De plus en plus demand\u00e9, les solutions de cloisons permettant la r\u00e9duction<br>des transmissions sonores sont des missions que nous ma\u00eetrisons parfaitement.<br>Id\u00e9al pour chambres, appartements&#8230;<\/td><td class=\"has-text-align-center\" data-align=\"center\"><mark style=\"background-color:rgba(0, 0, 0, 0)\" class=\"has-inline-color has-kubio-color-1-color\"><strong>LES CLOISONS COUPE-FEU<\/strong><\/mark><br><br>Dans certains cas, la r\u00e9glementation incendie impose la mise en place<br>de cloisons et plafonds avec des objectifs de r\u00e9sistance au feu<br>Notre entreprise FIHLT D\u00e9co 2000 vous proposera la solution la plus adapt\u00e9e<\/td><\/tr><\/tbody><\/table><\/figure>\n\n\n\n<p class=\"has-text-align-center\"><a href=\"https:\/\/www.placo.fr\/documentations?search_api_fulltext=compagnon&amp;f%5B0%5D=field_category%3A1876\"><mark style=\"background-color:rgba(0, 0, 0, 0)\" class=\"has-inline-color has-kubio-color-1-color\"><strong>Pour en savoir plus<\/strong><\/mark><\/a><\/p>\n\n\n\n<div style=\"height:100px\" aria-hidden=\"true\" class=\"wp-block-spacer\"><\/div>\n\n\n\n<h3 class=\"wp-block-heading has-text-align-center\"><mark style=\"background-color:rgba(0, 0, 0, 0)\" class=\"has-inline-color has-kubio-color-1-color\"><strong>LES DOUBLAGES<\/strong><\/mark><\/h3>\n\n\n\n<div style=\"height:100px\" aria-hidden=\"true\" class=\"wp-block-spacer\"><\/div>\n\n\n\n<div class=\"wp-block-media-text has-media-on-the-right is-stacked-on-mobile\"><div class=\"wp-block-media-text__content\">\n<p>Ils consistent \u00e0 positionner des plaques de pl\u00e2tre (standard, marine, feu&#8230;) sur les murs donnant sur l&rsquo;ext\u00e9rieur.<br><strong>\u00a0Les doublages peuvent \u00eatre install\u00e9es sur\u00a0 ossature ou coll\u00e9s<\/strong>.\u00a0<\/p>\n\n\n\n<p>Ils sont indissociables de l&rsquo;<strong>isolation thermique par l&rsquo;int\u00e9rieur<\/strong>&nbsp;de votre logement.<\/p>\n<\/div><figure class=\"wp-block-media-text__media\"><img decoding=\"async\" src=\"https:\/\/pierrefittepeinture.fr\/wp-content\/uploads\/2025\/04\/doublages.avif\" alt=\"\" class=\"wp-image-174 size-full\"\/><\/figure><\/div>\n\n\n\n<p><\/p>\n","protected":false},"excerpt":{"rendered":"<p>LA PLATRERIE \u00a0Pour tous vos projets en NEUF ou RENOVATION\u00a0dans votre maison, votre appartement, votre immeuble, votre entreprise,\u00a0nous vous apporterons la solution la plus adapt\u00e9e : Cloisons, Doublages, Faux-plafonds, Solutions phoniques, Solutions coupe-feu&#8230; Nos \u00e9quipes de professionnels travaillent dans le respect des normes en vigueur&nbsp;DTU 25.41,&nbsp; Document Technique Unifi\u00e9. Ce document est la synth\u00e8se des [&hellip;]<\/p>\n","protected":false},"author":1,"featured_media":0,"parent":0,"menu_order":0,"comment_status":"closed","ping_status":"closed","template":"","meta":{"saved_in_kubio":true,"footnotes":""},"class_list":["post-62","page","type-page","status-publish","hentry"],"kubio_ai_page_context":{"short_desc":"","purpose":"general"},"_links":{"self":[{"href":"https:\/\/pierrefittepeinture.fr\/index.php\/wp-json\/wp\/v2\/pages\/62","targetHints":{"allow":["GET"]}}],"collection":[{"href":"https:\/\/pierrefittepeinture.fr\/index.php\/wp-json\/wp\/v2\/pages"}],"about":[{"href":"https:\/\/pierrefittepeinture.fr\/index.php\/wp-json\/wp\/v2\/types\/page"}],"author":[{"embeddable":true,"href":"https:\/\/pierrefittepeinture.fr\/index.php\/wp-json\/wp\/v2\/users\/1"}],"replies":[{"embeddable":true,"href":"https:\/\/pierrefittepeinture.fr\/index.php\/wp-json\/wp\/v2\/comments?post=62"}],"version-history":[{"count":10,"href":"https:\/\/pierrefittepeinture.fr\/index.php\/wp-json\/wp\/v2\/pages\/62\/revisions"}],"predecessor-version":[{"id":373,"href":"https:\/\/pierrefittepeinture.fr\/index.php\/wp-json\/wp\/v2\/pages\/62\/revisions\/373"}],"wp:attachment":[{"href":"https:\/\/pierrefittepeinture.fr\/index.php\/wp-json\/wp\/v2\/media?parent=62"}],"curies":[{"name":"wp","href":"https:\/\/api.w.org\/{rel}","templated":true}]}}